{"id":330,"date":"2023-10-31T14:49:02","date_gmt":"2023-10-31T17:49:02","guid":{"rendered":"https:\/\/maxisoft.com.br\/public\/?page_id=330"},"modified":"2026-02-09T17:55:52","modified_gmt":"2026-02-09T20:55:52","slug":"blog_maxigestao","status":"publish","type":"page","link":"https:\/\/maxisoft.com.br\/public\/blog_maxigestao\/","title":{"rendered":"Blog"},"content":{"rendered":"\t\t<div data-elementor-type=\"wp-page\" data-elementor-id=\"330\" class=\"elementor elementor-330\" data-elementor-post-type=\"page\">\n\t\t\t\t\t\t\t<div class=\"elementor-element elementor-element-0ffd659 e-flex e-con-boxed e-con e-parent\" data-id=\"0ffd659\" data-element_type=\"container\" data-settings=\"{&quot;content_width&quot;:&quot;boxed&quot;}\" data-core-v316-plus=\"true\">\n\t\t\t\t\t<div class=\"e-con-inner\">\n\t\t\t\t<div class=\"elementor-element elementor-element-34076e6 elementor-widget elementor-widget-heading\" data-id=\"34076e6\" data-element_type=\"widget\" data-widget_type=\"heading.default\">\n\t\t\t\t<div class=\"elementor-widget-container\">\n\t\t\t<style>\/*! elementor - v3.18.0 - 20-12-2023 *\/\n.elementor-heading-title{padding:0;margin:0;line-height:1}.elementor-widget-heading .elementor-heading-title[class*=elementor-size-]>a{color:inherit;font-size:inherit;line-height:inherit}.elementor-widget-heading .elementor-heading-title.elementor-size-small{font-size:15px}.elementor-widget-heading .elementor-heading-title.elementor-size-medium{font-size:19px}.elementor-widget-heading .elementor-heading-title.elementor-size-large{font-size:29px}.elementor-widget-heading .elementor-heading-title.elementor-size-xl{font-size:39px}.elementor-widget-heading .elementor-heading-title.elementor-size-xxl{font-size:59px}<\/style><h2 class=\"elementor-heading-title elementor-size-default\">Nosso Blog<\/h2>\t\t<\/div>\n\t\t\t\t<\/div>\n\t\t\t\t<div class=\"elementor-element elementor-element-ba90f73 elementor-widget elementor-widget-text-editor\" data-id=\"ba90f73\" data-element_type=\"widget\" data-widget_type=\"text-editor.default\">\n\t\t\t\t<div class=\"elementor-widget-container\">\n\t\t\t<style>\/*! elementor - v3.18.0 - 20-12-2023 *\/\n.elementor-widget-text-editor.elementor-drop-cap-view-stacked .elementor-drop-cap{background-color:#69727d;color:#fff}.elementor-widget-text-editor.elementor-drop-cap-view-framed .elementor-drop-cap{color:#69727d;border:3px solid;background-color:transparent}.elementor-widget-text-editor:not(.elementor-drop-cap-view-default) .elementor-drop-cap{margin-top:8px}.elementor-widget-text-editor:not(.elementor-drop-cap-view-default) .elementor-drop-cap-letter{width:1em;height:1em}.elementor-widget-text-editor .elementor-drop-cap{float:left;text-align:center;line-height:1;font-size:50px}.elementor-widget-text-editor .elementor-drop-cap-letter{display:inline-block}<\/style>\t\t\t\t<p>Fique por dentro dos avisos, not\u00edcias e atualiza\u00e7\u00f5es do nosso Sistema e de Tecnologia<\/p>\t\t\t\t\t\t<\/div>\n\t\t\t\t<\/div>\n\t\t\t\t<div class=\"elementor-element elementor-element-8cc1314 ha-pg-grid-3 ha-pg-grid-tablet-2 ha-pg-grid-mobile-1 elementor-widget elementor-widget-ha-post-grid-new happy-addon ha-post-grid-new happy-addon-pro\" data-id=\"8cc1314\" data-element_type=\"widget\" data-settings=\"{&quot;columns&quot;:&quot;3&quot;,&quot;columns_tablet&quot;:&quot;2&quot;,&quot;columns_mobile&quot;:&quot;1&quot;}\" data-widget_type=\"ha-post-grid-new.default\">\n\t\t\t\t<div class=\"elementor-widget-container\">\n\t\t\t\t\t\t\t\t\t<div class=\"ha-pg-wrapper ha-pg-default ha-pg-classic\">\n\t\t\t\t\t<div class=\"ha-pg-grid-wrap\">\n\t\t\t\t\t\n\t\t\t\t\t\t\t\t<div class=\"ha-pg-item\">\n\t\t\t\t\t\t\t<div class=\"ha-pg-thumb-area\">\n\t\t\t\t\t<a href=\"https:\/\/maxisoft.com.br\/public\/a-importancia-de-um-controle-de-estoque-aliado-a-um-sistema-erp\/\" class=\"ha-pg-thumb\">\n\t\t\t\t\t\t<img fetchpriority=\"high\" decoding=\"async\" width=\"800\" height=\"534\" src=\"https:\/\/maxisoft.com.br\/public\/wp-content\/uploads\/2026\/04\/estoque-de-loja-de-roupas.jpg\" class=\"attachment-large size-large wp-post-image\" alt=\"\" srcset=\"https:\/\/maxisoft.com.br\/public\/wp-content\/uploads\/2026\/04\/estoque-de-loja-de-roupas.jpg 1000w, https:\/\/maxisoft.com.br\/public\/wp-content\/uploads\/2026\/04\/estoque-de-loja-de-roupas-300x200.jpg 300w, https:\/\/maxisoft.com.br\/public\/wp-content\/uploads\/2026\/04\/estoque-de-loja-de-roupas-768x512.jpg 768w\" sizes=\"(max-width: 800px) 100vw, 800px\" \/>\t\t\t\t\t<\/a>\n\t\t\t\t\t\t\t\t<div class=\"ha-pg-badge\">\n\t\t\t\t<a href=\"https:\/\/maxisoft.com.br\/public\/category\/blog\/\" class=\"ha-pg-badge-taxonomy\" rel=\"tag\">Blog<\/a>\t\t\t<\/div>\n\t\t\t\t\t\t<\/div>\n\t\t\t\t\t\t<div class=\"ha-pg-content-area\">\n\n\t\t\t\t<h4 class=\"ha-pg-title\"><a href=\"https:\/\/maxisoft.com.br\/public\/a-importancia-de-um-controle-de-estoque-aliado-a-um-sistema-erp\/\">A import\u00e2ncia de um controle de estoque aliado a um Sistema ERP<\/a><\/h4>\n\t\t\t\t\t\t\t<div class=\"ha-pg-meta-wrap\">\n\t\t\t\t<ul>\n\t\t\t\t\t\t\t\t\t\t\t<li class=\"ha-pg-author\">\n\t\t\t\t\t\t\t\t<a class=\"ha-pg-author-text\" href=\"https:\/\/maxisoft.com.br\/public\/author\/kauana\/\">\n\t\t\t\t\t\t\t<svg xmlns=\"http:\/\/www.w3.org\/2000\/svg\" width=\"32\" height=\"32\" viewBox=\"0 0 32 32\"><path d=\"M30 26.4V29c0 1.7-1.3 3-3 3H5c-1.7 0-3-1.3-3-3v-2.6c0-4.6 3.8-8.4 8.4-8.4h1c1.4 0.6 2.9 1 4.6 1s3.2-0.4 4.6-1h1C26.2 18 30 21.8 30 26.4zM8 8c0-4.4 3.6-8 8-8s8 3.6 8 8 -3.6 8-8 8S8 12.4 8 8z\"\/><\/svg>\n\t\t\t\t\t\tKauana\t\t<\/a>\n\t\t\t\t\t\t\t\t<\/li>\n\t\t\t\t\t\t\t\t\t\t\t\t\t\t\t\t<li class=\"ha-pg-date\">\n\t\t\t\t\t\t\t\t\t<a class=\"ha-pg-date-text\" href=\"https:\/\/maxisoft.com.br\/public\/2026\/04\/09\/\">\n\t\t\t\t\t\t\t<svg xmlns=\"http:\/\/www.w3.org\/2000\/svg\" width=\"32\" height=\"32\" viewBox=\"0 0 32 32\"><path d=\"M32 16c0 8.8-7.2 16-16 16S0 24.8 0 16 7.2 0 16 0 32 7.2 32 16zM22.2 19.5c0-0.3-0.2-0.6-0.4-0.8L18.1 16V6.7c0-0.6-0.5-1-1-1H15c-0.6 0-1 0.5-1 1v10 0c0 0.7 0.4 1.6 1 2l4.3 3.2c0.2 0.1 0.4 0.2 0.6 0.2 0.3 0 0.6-0.2 0.8-0.4l1.3-1.6C22.1 20 22.2 19.7 22.2 19.5z\"\/><\/svg>\n\t\t\t\t\t\t09\/04\/2026\t\t<\/a>\n\t\t\t\t\t\t\t\t<\/li>\n\t\t\t\t\t\t\t\t\t\t\t\t\t\t<\/ul>\n\t\t\t<\/div>\n\t\t\n\t\t\t\t\t\t\t<div class=\"ha-pg-excerpt\">\n\t\t\t\t<p>O controle de estoque \u00e9 um dos fatores mais importantes para a organiza\u00e7\u00e3o e o&hellip;<\/p>\t\t\t<\/div>\n\t\t\n\t\t\t\t<div class=\"ha-pg-readmore\"><a href=\"https:\/\/maxisoft.com.br\/public\/a-importancia-de-um-controle-de-estoque-aliado-a-um-sistema-erp\/\" target=\"_blank\">Continue lendo \u00bb<\/a><\/div>\t\t\t<\/div>\n\t\t<\/div>\n\t\n\t\t\t\t\t\n\t\t\t\t\t\t\t\t<div class=\"ha-pg-item\">\n\t\t\t\t\t\t\t<div class=\"ha-pg-thumb-area\">\n\t\t\t\t\t<a href=\"https:\/\/maxisoft.com.br\/public\/fluxo-de-caixa-como-evitar-problemas-financeiros\/\" class=\"ha-pg-thumb\">\n\t\t\t\t\t\t<img decoding=\"async\" width=\"800\" height=\"534\" src=\"https:\/\/maxisoft.com.br\/public\/wp-content\/uploads\/2026\/01\/shutterstock_260189021-1024x683.webp\" class=\"attachment-large size-large wp-post-image\" alt=\"\" srcset=\"https:\/\/maxisoft.com.br\/public\/wp-content\/uploads\/2026\/01\/shutterstock_260189021-1024x683.webp 1024w, https:\/\/maxisoft.com.br\/public\/wp-content\/uploads\/2026\/01\/shutterstock_260189021-300x200.webp 300w, https:\/\/maxisoft.com.br\/public\/wp-content\/uploads\/2026\/01\/shutterstock_260189021-768x512.webp 768w, https:\/\/maxisoft.com.br\/public\/wp-content\/uploads\/2026\/01\/shutterstock_260189021-1536x1024.webp 1536w, https:\/\/maxisoft.com.br\/public\/wp-content\/uploads\/2026\/01\/shutterstock_260189021.webp 2048w\" sizes=\"(max-width: 800px) 100vw, 800px\" \/>\t\t\t\t\t<\/a>\n\t\t\t\t\t\t\t\t<div class=\"ha-pg-badge\">\n\t\t\t\t<a href=\"https:\/\/maxisoft.com.br\/public\/category\/blog\/\" class=\"ha-pg-badge-taxonomy\" rel=\"tag\">Blog<\/a>\t\t\t<\/div>\n\t\t\t\t\t\t<\/div>\n\t\t\t\t\t\t<div class=\"ha-pg-content-area\">\n\n\t\t\t\t<h4 class=\"ha-pg-title\"><a href=\"https:\/\/maxisoft.com.br\/public\/fluxo-de-caixa-como-evitar-problemas-financeiros\/\">Fluxo de Caixa: Como evitar problemas financeiros<\/a><\/h4>\n\t\t\t\t\t\t\t<div class=\"ha-pg-meta-wrap\">\n\t\t\t\t<ul>\n\t\t\t\t\t\t\t\t\t\t\t<li class=\"ha-pg-author\">\n\t\t\t\t\t\t\t\t<a class=\"ha-pg-author-text\" href=\"https:\/\/maxisoft.com.br\/public\/author\/kauana\/\">\n\t\t\t\t\t\t\t<svg xmlns=\"http:\/\/www.w3.org\/2000\/svg\" width=\"32\" height=\"32\" viewBox=\"0 0 32 32\"><path d=\"M30 26.4V29c0 1.7-1.3 3-3 3H5c-1.7 0-3-1.3-3-3v-2.6c0-4.6 3.8-8.4 8.4-8.4h1c1.4 0.6 2.9 1 4.6 1s3.2-0.4 4.6-1h1C26.2 18 30 21.8 30 26.4zM8 8c0-4.4 3.6-8 8-8s8 3.6 8 8 -3.6 8-8 8S8 12.4 8 8z\"\/><\/svg>\n\t\t\t\t\t\tKauana\t\t<\/a>\n\t\t\t\t\t\t\t\t<\/li>\n\t\t\t\t\t\t\t\t\t\t\t\t\t\t\t\t<li class=\"ha-pg-date\">\n\t\t\t\t\t\t\t\t\t<a class=\"ha-pg-date-text\" href=\"https:\/\/maxisoft.com.br\/public\/2026\/02\/10\/\">\n\t\t\t\t\t\t\t<svg xmlns=\"http:\/\/www.w3.org\/2000\/svg\" width=\"32\" height=\"32\" viewBox=\"0 0 32 32\"><path d=\"M32 16c0 8.8-7.2 16-16 16S0 24.8 0 16 7.2 0 16 0 32 7.2 32 16zM22.2 19.5c0-0.3-0.2-0.6-0.4-0.8L18.1 16V6.7c0-0.6-0.5-1-1-1H15c-0.6 0-1 0.5-1 1v10 0c0 0.7 0.4 1.6 1 2l4.3 3.2c0.2 0.1 0.4 0.2 0.6 0.2 0.3 0 0.6-0.2 0.8-0.4l1.3-1.6C22.1 20 22.2 19.7 22.2 19.5z\"\/><\/svg>\n\t\t\t\t\t\t10\/02\/2026\t\t<\/a>\n\t\t\t\t\t\t\t\t<\/li>\n\t\t\t\t\t\t\t\t\t\t\t\t\t\t<\/ul>\n\t\t\t<\/div>\n\t\t\n\t\t\t\t\t\t\t<div class=\"ha-pg-excerpt\">\n\t\t\t\t<p>O fluxo de caixa \u00e9 o registro de todas as entradas e sa\u00eddas de dinheiro,&hellip;<\/p>\t\t\t<\/div>\n\t\t\n\t\t\t\t<div class=\"ha-pg-readmore\"><a href=\"https:\/\/maxisoft.com.br\/public\/fluxo-de-caixa-como-evitar-problemas-financeiros\/\" target=\"_blank\">Continue lendo \u00bb<\/a><\/div>\t\t\t<\/div>\n\t\t<\/div>\n\t\n\t\t\t\t\t\n\t\t\t\t\t\t\t\t<div class=\"ha-pg-item\">\n\t\t\t\t\t\t\t<div class=\"ha-pg-thumb-area\">\n\t\t\t\t\t<a href=\"https:\/\/maxisoft.com.br\/public\/comece-2026-com-sua-empresa-organizada-e-preparada-para-crescer\/\" class=\"ha-pg-thumb\">\n\t\t\t\t\t\t<img decoding=\"async\" width=\"740\" height=\"494\" src=\"https:\/\/maxisoft.com.br\/public\/wp-content\/uploads\/2025\/12\/mulher-sorridente-elegante-de-oculos-e-camisa-listrada-usando-computador-portatil-enquanto-localizacao-na-mesa-na-cozinha_171337-13030.avif\" class=\"attachment-large size-large wp-post-image\" alt=\"\" srcset=\"https:\/\/maxisoft.com.br\/public\/wp-content\/uploads\/2025\/12\/mulher-sorridente-elegante-de-oculos-e-camisa-listrada-usando-computador-portatil-enquanto-localizacao-na-mesa-na-cozinha_171337-13030.avif 740w, https:\/\/maxisoft.com.br\/public\/wp-content\/uploads\/2025\/12\/mulher-sorridente-elegante-de-oculos-e-camisa-listrada-usando-computador-portatil-enquanto-localizacao-na-mesa-na-cozinha_171337-13030-300x200.avif 300w\" sizes=\"(max-width: 740px) 100vw, 740px\" \/>\t\t\t\t\t<\/a>\n\t\t\t\t\t\t\t\t<div class=\"ha-pg-badge\">\n\t\t\t\t<a href=\"https:\/\/maxisoft.com.br\/public\/category\/blog\/\" class=\"ha-pg-badge-taxonomy\" rel=\"tag\">Blog<\/a>\t\t\t<\/div>\n\t\t\t\t\t\t<\/div>\n\t\t\t\t\t\t<div class=\"ha-pg-content-area\">\n\n\t\t\t\t<h4 class=\"ha-pg-title\"><a href=\"https:\/\/maxisoft.com.br\/public\/comece-2026-com-sua-empresa-organizada-e-preparada-para-crescer\/\">Comece 2026 com sua empresa organizada e preparada para crescer<\/a><\/h4>\n\t\t\t\t\t\t\t<div class=\"ha-pg-meta-wrap\">\n\t\t\t\t<ul>\n\t\t\t\t\t\t\t\t\t\t\t<li class=\"ha-pg-author\">\n\t\t\t\t\t\t\t\t<a class=\"ha-pg-author-text\" href=\"https:\/\/maxisoft.com.br\/public\/author\/kauana\/\">\n\t\t\t\t\t\t\t<svg xmlns=\"http:\/\/www.w3.org\/2000\/svg\" width=\"32\" height=\"32\" viewBox=\"0 0 32 32\"><path d=\"M30 26.4V29c0 1.7-1.3 3-3 3H5c-1.7 0-3-1.3-3-3v-2.6c0-4.6 3.8-8.4 8.4-8.4h1c1.4 0.6 2.9 1 4.6 1s3.2-0.4 4.6-1h1C26.2 18 30 21.8 30 26.4zM8 8c0-4.4 3.6-8 8-8s8 3.6 8 8 -3.6 8-8 8S8 12.4 8 8z\"\/><\/svg>\n\t\t\t\t\t\tKauana\t\t<\/a>\n\t\t\t\t\t\t\t\t<\/li>\n\t\t\t\t\t\t\t\t\t\t\t\t\t\t\t\t<li class=\"ha-pg-date\">\n\t\t\t\t\t\t\t\t\t<a class=\"ha-pg-date-text\" href=\"https:\/\/maxisoft.com.br\/public\/2026\/01\/05\/\">\n\t\t\t\t\t\t\t<svg xmlns=\"http:\/\/www.w3.org\/2000\/svg\" width=\"32\" height=\"32\" viewBox=\"0 0 32 32\"><path d=\"M32 16c0 8.8-7.2 16-16 16S0 24.8 0 16 7.2 0 16 0 32 7.2 32 16zM22.2 19.5c0-0.3-0.2-0.6-0.4-0.8L18.1 16V6.7c0-0.6-0.5-1-1-1H15c-0.6 0-1 0.5-1 1v10 0c0 0.7 0.4 1.6 1 2l4.3 3.2c0.2 0.1 0.4 0.2 0.6 0.2 0.3 0 0.6-0.2 0.8-0.4l1.3-1.6C22.1 20 22.2 19.7 22.2 19.5z\"\/><\/svg>\n\t\t\t\t\t\t05\/01\/2026\t\t<\/a>\n\t\t\t\t\t\t\t\t<\/li>\n\t\t\t\t\t\t\t\t\t\t\t\t\t\t<\/ul>\n\t\t\t<\/div>\n\t\t\n\t\t\t\t\t\t\t<div class=\"ha-pg-excerpt\">\n\t\t\t\t<p>O in\u00edcio de um novo ano \u00e9 sempre um bom momento para rever processos, ajustar&hellip;<\/p>\t\t\t<\/div>\n\t\t\n\t\t\t\t<div class=\"ha-pg-readmore\"><a href=\"https:\/\/maxisoft.com.br\/public\/comece-2026-com-sua-empresa-organizada-e-preparada-para-crescer\/\" target=\"_blank\">Continue lendo \u00bb<\/a><\/div>\t\t\t<\/div>\n\t\t<\/div>\n\t\n\t\t\t\t\t\n\t\t\t\t\t\t\t\t<div class=\"ha-pg-item\">\n\t\t\t\t\t\t\t<div class=\"ha-pg-thumb-area\">\n\t\t\t\t\t<a href=\"https:\/\/maxisoft.com.br\/public\/reforma-tributaria-o-que-vai-mudar\/\" class=\"ha-pg-thumb\">\n\t\t\t\t\t\t<img loading=\"lazy\" decoding=\"async\" width=\"800\" height=\"500\" src=\"https:\/\/maxisoft.com.br\/public\/wp-content\/uploads\/2025\/12\/reforma-tributaria-sorocaba-assis.jpg\" class=\"attachment-large size-large wp-post-image\" alt=\"\" srcset=\"https:\/\/maxisoft.com.br\/public\/wp-content\/uploads\/2025\/12\/reforma-tributaria-sorocaba-assis.jpg 800w, https:\/\/maxisoft.com.br\/public\/wp-content\/uploads\/2025\/12\/reforma-tributaria-sorocaba-assis-300x188.jpg 300w, https:\/\/maxisoft.com.br\/public\/wp-content\/uploads\/2025\/12\/reforma-tributaria-sorocaba-assis-768x480.jpg 768w\" sizes=\"(max-width: 800px) 100vw, 800px\" \/>\t\t\t\t\t<\/a>\n\t\t\t\t\t\t\t\t<div class=\"ha-pg-badge\">\n\t\t\t\t<a href=\"https:\/\/maxisoft.com.br\/public\/category\/blog\/\" class=\"ha-pg-badge-taxonomy\" rel=\"tag\">Blog<\/a>\t\t\t<\/div>\n\t\t\t\t\t\t<\/div>\n\t\t\t\t\t\t<div class=\"ha-pg-content-area\">\n\n\t\t\t\t<h4 class=\"ha-pg-title\"><a href=\"https:\/\/maxisoft.com.br\/public\/reforma-tributaria-o-que-vai-mudar\/\">Reforma Tribut\u00e1ria &#8211; O que vai mudar?<\/a><\/h4>\n\t\t\t\t\t\t\t<div class=\"ha-pg-meta-wrap\">\n\t\t\t\t<ul>\n\t\t\t\t\t\t\t\t\t\t\t<li class=\"ha-pg-author\">\n\t\t\t\t\t\t\t\t<a class=\"ha-pg-author-text\" href=\"https:\/\/maxisoft.com.br\/public\/author\/kauana\/\">\n\t\t\t\t\t\t\t<svg xmlns=\"http:\/\/www.w3.org\/2000\/svg\" width=\"32\" height=\"32\" viewBox=\"0 0 32 32\"><path d=\"M30 26.4V29c0 1.7-1.3 3-3 3H5c-1.7 0-3-1.3-3-3v-2.6c0-4.6 3.8-8.4 8.4-8.4h1c1.4 0.6 2.9 1 4.6 1s3.2-0.4 4.6-1h1C26.2 18 30 21.8 30 26.4zM8 8c0-4.4 3.6-8 8-8s8 3.6 8 8 -3.6 8-8 8S8 12.4 8 8z\"\/><\/svg>\n\t\t\t\t\t\tKauana\t\t<\/a>\n\t\t\t\t\t\t\t\t<\/li>\n\t\t\t\t\t\t\t\t\t\t\t\t\t\t\t\t<li class=\"ha-pg-date\">\n\t\t\t\t\t\t\t\t\t<a class=\"ha-pg-date-text\" href=\"https:\/\/maxisoft.com.br\/public\/2025\/12\/05\/\">\n\t\t\t\t\t\t\t<svg xmlns=\"http:\/\/www.w3.org\/2000\/svg\" width=\"32\" height=\"32\" viewBox=\"0 0 32 32\"><path d=\"M32 16c0 8.8-7.2 16-16 16S0 24.8 0 16 7.2 0 16 0 32 7.2 32 16zM22.2 19.5c0-0.3-0.2-0.6-0.4-0.8L18.1 16V6.7c0-0.6-0.5-1-1-1H15c-0.6 0-1 0.5-1 1v10 0c0 0.7 0.4 1.6 1 2l4.3 3.2c0.2 0.1 0.4 0.2 0.6 0.2 0.3 0 0.6-0.2 0.8-0.4l1.3-1.6C22.1 20 22.2 19.7 22.2 19.5z\"\/><\/svg>\n\t\t\t\t\t\t05\/12\/2025\t\t<\/a>\n\t\t\t\t\t\t\t\t<\/li>\n\t\t\t\t\t\t\t\t\t\t\t\t\t\t<\/ul>\n\t\t\t<\/div>\n\t\t\n\t\t\t\t\t\t\t<div class=\"ha-pg-excerpt\">\n\t\t\t\t<p>A partir de janeiro de 2026, o Brasil come\u00e7a a dar vida \u00e0 t\u00e3o comentada&hellip;<\/p>\t\t\t<\/div>\n\t\t\n\t\t\t\t<div class=\"ha-pg-readmore\"><a href=\"https:\/\/maxisoft.com.br\/public\/reforma-tributaria-o-que-vai-mudar\/\" target=\"_blank\">Continue lendo \u00bb<\/a><\/div>\t\t\t<\/div>\n\t\t<\/div>\n\t\n\t\t\t\t\t\n\t\t\t\t\t\t\t\t<div class=\"ha-pg-item\">\n\t\t\t\t\t\t\t<div class=\"ha-pg-thumb-area\">\n\t\t\t\t\t<a href=\"https:\/\/maxisoft.com.br\/public\/como-o-maxigestao-te-ajuda-a-vender-mais\/\" class=\"ha-pg-thumb\">\n\t\t\t\t\t\t<img loading=\"lazy\" decoding=\"async\" width=\"800\" height=\"534\" src=\"https:\/\/maxisoft.com.br\/public\/wp-content\/uploads\/2025\/10\/Design-sem-nome-1024x683.png\" class=\"attachment-large size-large wp-post-image\" alt=\"\" srcset=\"https:\/\/maxisoft.com.br\/public\/wp-content\/uploads\/2025\/10\/Design-sem-nome-1024x683.png 1024w, https:\/\/maxisoft.com.br\/public\/wp-content\/uploads\/2025\/10\/Design-sem-nome-300x200.png 300w, https:\/\/maxisoft.com.br\/public\/wp-content\/uploads\/2025\/10\/Design-sem-nome-768x512.png 768w, https:\/\/maxisoft.com.br\/public\/wp-content\/uploads\/2025\/10\/Design-sem-nome.png 1080w\" sizes=\"(max-width: 800px) 100vw, 800px\" \/>\t\t\t\t\t<\/a>\n\t\t\t\t\t\t\t\t<div class=\"ha-pg-badge\">\n\t\t\t\t<a href=\"https:\/\/maxisoft.com.br\/public\/category\/blog\/\" class=\"ha-pg-badge-taxonomy\" rel=\"tag\">Blog<\/a>\t\t\t<\/div>\n\t\t\t\t\t\t<\/div>\n\t\t\t\t\t\t<div class=\"ha-pg-content-area\">\n\n\t\t\t\t<h4 class=\"ha-pg-title\"><a href=\"https:\/\/maxisoft.com.br\/public\/como-o-maxigestao-te-ajuda-a-vender-mais\/\">Como o MaxiGest\u00e3o te ajuda a Vender mais<\/a><\/h4>\n\t\t\t\t\t\t\t<div class=\"ha-pg-meta-wrap\">\n\t\t\t\t<ul>\n\t\t\t\t\t\t\t\t\t\t\t<li class=\"ha-pg-author\">\n\t\t\t\t\t\t\t\t<a class=\"ha-pg-author-text\" href=\"https:\/\/maxisoft.com.br\/public\/author\/kauana\/\">\n\t\t\t\t\t\t\t<svg xmlns=\"http:\/\/www.w3.org\/2000\/svg\" width=\"32\" height=\"32\" viewBox=\"0 0 32 32\"><path d=\"M30 26.4V29c0 1.7-1.3 3-3 3H5c-1.7 0-3-1.3-3-3v-2.6c0-4.6 3.8-8.4 8.4-8.4h1c1.4 0.6 2.9 1 4.6 1s3.2-0.4 4.6-1h1C26.2 18 30 21.8 30 26.4zM8 8c0-4.4 3.6-8 8-8s8 3.6 8 8 -3.6 8-8 8S8 12.4 8 8z\"\/><\/svg>\n\t\t\t\t\t\tKauana\t\t<\/a>\n\t\t\t\t\t\t\t\t<\/li>\n\t\t\t\t\t\t\t\t\t\t\t\t\t\t\t\t<li class=\"ha-pg-date\">\n\t\t\t\t\t\t\t\t\t<a class=\"ha-pg-date-text\" href=\"https:\/\/maxisoft.com.br\/public\/2025\/11\/03\/\">\n\t\t\t\t\t\t\t<svg xmlns=\"http:\/\/www.w3.org\/2000\/svg\" width=\"32\" height=\"32\" viewBox=\"0 0 32 32\"><path d=\"M32 16c0 8.8-7.2 16-16 16S0 24.8 0 16 7.2 0 16 0 32 7.2 32 16zM22.2 19.5c0-0.3-0.2-0.6-0.4-0.8L18.1 16V6.7c0-0.6-0.5-1-1-1H15c-0.6 0-1 0.5-1 1v10 0c0 0.7 0.4 1.6 1 2l4.3 3.2c0.2 0.1 0.4 0.2 0.6 0.2 0.3 0 0.6-0.2 0.8-0.4l1.3-1.6C22.1 20 22.2 19.7 22.2 19.5z\"\/><\/svg>\n\t\t\t\t\t\t03\/11\/2025\t\t<\/a>\n\t\t\t\t\t\t\t\t<\/li>\n\t\t\t\t\t\t\t\t\t\t\t\t\t\t<\/ul>\n\t\t\t<\/div>\n\t\t\n\t\t\t\t\t\t\t<div class=\"ha-pg-excerpt\">\n\t\t\t\t<p>Novembro \u00e9 o m\u00eas mais aguardado para o com\u00e9rcio. A Black Friday e o per\u00edodo&hellip;<\/p>\t\t\t<\/div>\n\t\t\n\t\t\t\t<div class=\"ha-pg-readmore\"><a href=\"https:\/\/maxisoft.com.br\/public\/como-o-maxigestao-te-ajuda-a-vender-mais\/\" target=\"_blank\">Continue lendo \u00bb<\/a><\/div>\t\t\t<\/div>\n\t\t<\/div>\n\t\n\t\t\t\t\t\n\t\t\t\t\t\t\t\t<div class=\"ha-pg-item\">\n\t\t\t\t\t\t\t<div class=\"ha-pg-thumb-area\">\n\t\t\t\t\t<a href=\"https:\/\/maxisoft.com.br\/public\/5-indicadores-que-todo-gestor-deve-acompanhar-mensalmente\/\" class=\"ha-pg-thumb\">\n\t\t\t\t\t\t<img loading=\"lazy\" decoding=\"async\" width=\"800\" height=\"512\" src=\"https:\/\/maxisoft.com.br\/public\/wp-content\/uploads\/2025\/10\/1709832383077-1024x655-1.png\" class=\"attachment-large size-large wp-post-image\" alt=\"\" srcset=\"https:\/\/maxisoft.com.br\/public\/wp-content\/uploads\/2025\/10\/1709832383077-1024x655-1.png 1024w, https:\/\/maxisoft.com.br\/public\/wp-content\/uploads\/2025\/10\/1709832383077-1024x655-1-300x192.png 300w, https:\/\/maxisoft.com.br\/public\/wp-content\/uploads\/2025\/10\/1709832383077-1024x655-1-768x491.png 768w\" sizes=\"(max-width: 800px) 100vw, 800px\" \/>\t\t\t\t\t<\/a>\n\t\t\t\t\t\t\t\t<div class=\"ha-pg-badge\">\n\t\t\t\t<a href=\"https:\/\/maxisoft.com.br\/public\/category\/blog\/\" class=\"ha-pg-badge-taxonomy\" rel=\"tag\">Blog<\/a>\t\t\t<\/div>\n\t\t\t\t\t\t<\/div>\n\t\t\t\t\t\t<div class=\"ha-pg-content-area\">\n\n\t\t\t\t<h4 class=\"ha-pg-title\"><a href=\"https:\/\/maxisoft.com.br\/public\/5-indicadores-que-todo-gestor-deve-acompanhar-mensalmente\/\">5 Indicadores que Todo Gestor deve Acompanhar Mensalmente<\/a><\/h4>\n\t\t\t\t\t\t\t<div class=\"ha-pg-meta-wrap\">\n\t\t\t\t<ul>\n\t\t\t\t\t\t\t\t\t\t\t<li class=\"ha-pg-author\">\n\t\t\t\t\t\t\t\t<a class=\"ha-pg-author-text\" href=\"https:\/\/maxisoft.com.br\/public\/author\/kauana\/\">\n\t\t\t\t\t\t\t<svg xmlns=\"http:\/\/www.w3.org\/2000\/svg\" width=\"32\" height=\"32\" viewBox=\"0 0 32 32\"><path d=\"M30 26.4V29c0 1.7-1.3 3-3 3H5c-1.7 0-3-1.3-3-3v-2.6c0-4.6 3.8-8.4 8.4-8.4h1c1.4 0.6 2.9 1 4.6 1s3.2-0.4 4.6-1h1C26.2 18 30 21.8 30 26.4zM8 8c0-4.4 3.6-8 8-8s8 3.6 8 8 -3.6 8-8 8S8 12.4 8 8z\"\/><\/svg>\n\t\t\t\t\t\tKauana\t\t<\/a>\n\t\t\t\t\t\t\t\t<\/li>\n\t\t\t\t\t\t\t\t\t\t\t\t\t\t\t\t<li class=\"ha-pg-date\">\n\t\t\t\t\t\t\t\t\t<a class=\"ha-pg-date-text\" href=\"https:\/\/maxisoft.com.br\/public\/2025\/10\/09\/\">\n\t\t\t\t\t\t\t<svg xmlns=\"http:\/\/www.w3.org\/2000\/svg\" width=\"32\" height=\"32\" viewBox=\"0 0 32 32\"><path d=\"M32 16c0 8.8-7.2 16-16 16S0 24.8 0 16 7.2 0 16 0 32 7.2 32 16zM22.2 19.5c0-0.3-0.2-0.6-0.4-0.8L18.1 16V6.7c0-0.6-0.5-1-1-1H15c-0.6 0-1 0.5-1 1v10 0c0 0.7 0.4 1.6 1 2l4.3 3.2c0.2 0.1 0.4 0.2 0.6 0.2 0.3 0 0.6-0.2 0.8-0.4l1.3-1.6C22.1 20 22.2 19.7 22.2 19.5z\"\/><\/svg>\n\t\t\t\t\t\t09\/10\/2025\t\t<\/a>\n\t\t\t\t\t\t\t\t<\/li>\n\t\t\t\t\t\t\t\t\t\t\t\t\t\t<\/ul>\n\t\t\t<\/div>\n\t\t\n\t\t\t\t\t\t\t<div class=\"ha-pg-excerpt\">\n\t\t\t\t<p>Descubra os principais indicadores que mostram se sua empresa est\u00e1 no caminho certo \u2014 e&hellip;<\/p>\t\t\t<\/div>\n\t\t\n\t\t\t\t<div class=\"ha-pg-readmore\"><a href=\"https:\/\/maxisoft.com.br\/public\/5-indicadores-que-todo-gestor-deve-acompanhar-mensalmente\/\" target=\"_blank\">Continue lendo \u00bb<\/a><\/div>\t\t\t<\/div>\n\t\t<\/div>\n\t\n\t\t\t\t\t\t\t\t\t\t\t\t\t\t\t<\/div>\n\t\t\t\t\t\t\t<div class=\"ha-pg-loadmore-wrap\">\n\t\t\t<button class=\"ha-pg-loadmore\" data-settings=\"{&quot;args&quot;:{&quot;post_status&quot;:&quot;publish&quot;,&quot;suppress_filters&quot;:false,&quot;post_type&quot;:&quot;post&quot;,&quot;ignore_sticky_posts&quot;:true,&quot;order&quot;:&quot;desc&quot;,&quot;orderby&quot;:&quot;date&quot;,&quot;posts_per_page&quot;:6},&quot;skin&quot;:&quot;classic&quot;,&quot;posts_post_type&quot;:&quot;post&quot;,&quot;featured_image&quot;:&quot;yes&quot;,&quot;featured_image_size&quot;:&quot;large&quot;,&quot;show_badge&quot;:&quot;yes&quot;,&quot;show_title&quot;:&quot;yes&quot;,&quot;title_tag&quot;:&quot;h4&quot;,&quot;active_meta&quot;:[&quot;author&quot;,&quot;date&quot;],&quot;excerpt_length&quot;:15,&quot;meta_has_icon&quot;:&quot;yes&quot;,&quot;taxonomy_badge&quot;:&quot;category&quot;,&quot;read_more&quot;:&quot;Continue lendo \\u00bb&quot;,&quot;read_more_new_tab&quot;:&quot;yes&quot;}\">\n\t\t\t\tCarregar mais\t\t\t\t<i class=\"eicon-loading eicon-animation-spin\"><\/i>\n\t\t\t<\/button>\n\t\t<\/div>\n\t\t\t\t\t\t<\/div>\n\t\t\t\t\t\t\t<\/div>\n\t\t\t\t<\/div>\n\t\t\t\t\t<\/div>\n\t\t\t\t<\/div>\n\t\t\t\t\t\t\t<\/div>\n\t\t","protected":false},"excerpt":{"rendered":"<p>Nosso Blog Fique por dentro dos avisos, not\u00edcias e atualiza\u00e7\u00f5es do nosso Sistema e de Tecnologia Blog Por que usar Relat\u00f3rios Gerenciais na tomada de decis\u00f5es? Kauana 08\/09\/2025 Relat\u00f3rios gerenciais s\u00e3o documentos que compilam e analisam dados relevantes sobre o desempenho da empresa&hellip; Continue lendo \u00bb Blog Como escolher o Sistema de Gest\u00e3o ideal para [&hellip;]<\/p>\n","protected":false},"author":4,"featured_media":0,"parent":0,"menu_order":0,"comment_status":"closed","ping_status":"closed","template":"","meta":{"footnotes":""},"class_list":["post-330","page","type-page","status-publish","hentry"],"_links":{"self":[{"href":"https:\/\/maxisoft.com.br\/public\/wp-json\/wp\/v2\/pages\/330","targetHints":{"allow":["GET"]}}],"collection":[{"href":"https:\/\/maxisoft.com.br\/public\/wp-json\/wp\/v2\/pages"}],"about":[{"href":"https:\/\/maxisoft.com.br\/public\/wp-json\/wp\/v2\/types\/page"}],"author":[{"embeddable":true,"href":"https:\/\/maxisoft.com.br\/public\/wp-json\/wp\/v2\/users\/4"}],"replies":[{"embeddable":true,"href":"https:\/\/maxisoft.com.br\/public\/wp-json\/wp\/v2\/comments?post=330"}],"version-history":[{"count":58,"href":"https:\/\/maxisoft.com.br\/public\/wp-json\/wp\/v2\/pages\/330\/revisions"}],"predecessor-version":[{"id":1566,"href":"https:\/\/maxisoft.com.br\/public\/wp-json\/wp\/v2\/pages\/330\/revisions\/1566"}],"wp:attachment":[{"href":"https:\/\/maxisoft.com.br\/public\/wp-json\/wp\/v2\/media?parent=330"}],"curies":[{"name":"wp","href":"https:\/\/api.w.org\/{rel}","templated":true}]}}